{"id":45,"date":"2013-05-13T11:27:28","date_gmt":"2013-05-13T09:27:28","guid":{"rendered":"http:\/\/www.urlaub-hofbauer.de\/wordpress\/?page_id=45"},"modified":"2013-05-14T09:00:14","modified_gmt":"2013-05-14T07:00:14","slug":"ausflugsziele","status":"publish","type":"page","link":"http:\/\/www.urlaub-hofbauer.de\/wordpress\/ausflugsziele\/","title":{"rendered":"Ausflugsziele"},"content":{"rendered":"<p style=\"text-align: center;\">Zentral im Chiemgau gelegen finden Sie unweit unseres Hofes viele Top-Ausflugsziele. Nur wenige Kilometer entfernt finden Sie am Waginger See wundersch\u00f6n gelegene Strandb\u00e4der und Rad- und Wanderwege mit herrlichen Panoramablicken in die Berchtesgadener und Chiemgauer Alpen. Lohnenswerte Bergtouren in den Alpen, der Chiemsee mit Schifffahrt, Fraueninsel und dem Schloss K\u00f6nig Ludwigs II auf der Herreninsel und die Mozartstadt Salzburg &#8211; das Alles erreichen Sie in rund 30 Minuten. Auch das Berchtesgadener Land und M\u00fcnchen sind leicht erreichbar und bieten sich f\u00fcr einen Tagesausflug an.<\/p>\n<p>&nbsp;<\/p>\n<table border=\"0\" frame=\"void\" cellspacing=\"0\" cellpadding=\"0\">\n<tbody>\n<tr>\n<td><span style=\"font-family: Verdana; font-size: small; color: #000000;\"><a style=\"font-family: Arial, Helvetica, sans-serif; font-size: 16px;\" href=\"http:\/\/www.herrenchiemsee.de\" target=\"_blank\"><span style=\"text-decoration: underline; color: #000000;\"><strong><span style=\"font-family: Verdana; font-size: small;\">Herrenchiemsee mit Schloss:<\/span><\/strong><\/span><\/a><br \/>\nDie 20 fertig gestellten Prunkr\u00e4ume k\u00f6nnen mit einer F\u00fchrung besichtigt werden, darunter die ber\u00fchmte Spiegelgalerie. Das Schloss ist von einer weitl\u00e4ufigen Gartenanlage umgeben. Die Wasserspiele mit ihren sieben Brunnen sind das Glanzst\u00fcck. Mit einer romantischen Kutschfahrt kann man im Sommer den Weg von der Schiffsanlegestelle bis zum Neuen Schloss bew\u00e4ltigen. Im Augustiner-Chorherrenstift k\u00f6nnen eine Ausstellung zur Verfassungs- und Klostergeschichte, die Wohnr\u00e4ume Ludwigs II sowie die Gem\u00e4ldemalereien Julius Exter und Maler am Chiemsee besichtigt werden.<\/span><\/td>\n<\/tr>\n<\/tbody>\n<\/table>\n<p>&nbsp;<\/p>\n<table border=\"0\" frame=\"void\" cellspacing=\"0\" cellpadding=\"0\">\n<tbody>\n<tr>\n<td><span style=\"font-family: Verdana; font-size: small; color: #000000;\"><strong style=\"font-family: Arial, Helvetica, sans-serif; font-size: 16px; text-decoration: underline;\"><span style=\"font-family: Verdana; font-size: small;\">Frauenchiemsee:<\/span><\/strong><br \/>\nAuf einem Spaziergang um die Inselerleben Sie das Flair dieser besonderen Insel. Bierg\u00e4rten, Cafes und lauschige Pl\u00e4tze laden zum Verweilen ein. In der Torhalle, dem \u00e4ltesten Hochbau S\u00fcddeutschlands aus der Zeit der Karolinger finden regelm\u00e4\u00dfig Ausstellungen statt.<\/span><\/td>\n<\/tr>\n<\/tbody>\n<\/table>\n<p>&nbsp;<\/p>\n<table border=\"0\" frame=\"void\" cellspacing=\"0\" cellpadding=\"0\">\n<tbody>\n<tr>\n<td><span style=\"font-family: Verdana; font-size: small; color: #000000;\"><a style=\"font-family: Arial, Helvetica, sans-serif; font-size: 16px;\" href=\"http:\/\/www.kloster-seeon.de\" target=\"_blank\"><span style=\"color: #000000;\"><strong><span style=\"font-family: Verdana; font-size: small;\">Kloster Seeon. Kultur und Bildungszentrum des Bezirk Oberbayern:<\/span><\/strong><\/span><\/a><br \/>\nBis zur S\u00e4kularisation Benediktinerkloster und kulturelles Zentrum im Chiemgau. Teile der 1000-j\u00e4hrigen Anlage k\u00f6nnen besichtigt werden. Idyllische Spazierwege am See. Interessante Ausstellungen und Konzerte. Gem\u00fctliche Bierg\u00e4rten am See<\/span><\/td>\n<\/tr>\n<\/tbody>\n<\/table>\n<p>&nbsp;<\/p>\n<table border=\"0\" frame=\"void\" cellspacing=\"0\" cellpadding=\"0\">\n<tbody>\n<tr>\n<td><span style=\"font-family: Verdana; font-size: small; color: #000000;\"><a style=\"font-family: Arial, Helvetica, sans-serif; font-size: 16px;\" href=\"http:\/\/www.wellness-waging.de\" target=\"_blank\"><span style=\"text-decoration: underline; color: #000000;\"><strong><span style=\"font-family: Verdana; font-size: small;\">Waginger Wellnessgarten:<\/span><\/strong><\/span><\/a><br \/>\nWie ein Jungbrunnen wirkt auch der Waginger Wellnessgarten. Tauchen Sie nach einem Saunagang im Schwimmteich ab oder entspannen Sie in unterschiedlichen Ruher\u00e4umen. Sie haben die Wahl zwischen unterschiedlichen Saunen wie die Finnische Sauna, Brechelbad-Sauna, Kr\u00e4uter-Sauna, Salz-Sauna oder Infrarot-Sauna und vielen weiteren Wellness- und Kosmetikangeboten.<\/span><\/td>\n<\/tr>\n<\/tbody>\n<\/table>\n<p>&nbsp;<\/p>\n<table border=\"0\" frame=\"void\" cellspacing=\"0\" cellpadding=\"0\">\n<tbody>\n<tr>\n<td><span style=\"font-family: Verdana; font-size: small; color: #000000;\"><a style=\"font-family: Arial, Helvetica, sans-serif; font-size: 16px;\" href=\"http:\/\/www.prienavera.de\" target=\"_blank\"><span style=\"text-decoration: underline; color: #000000;\"><strong><span style=\"font-family: Verdana; font-size: small;\">Das Erlebnisbad &#8222;Prienavera&#8220;:<\/span><\/strong><\/span><\/a><br \/>\nIn Prien direkt am Chiemsee bietet ein klassisches 25-Meter-Schwimmbecken, ein Spa\u00df- und Erlebnisbecken, eine Riesenrutsche und ein 34\u00b0C warmes Aussenbecken mit Whirlpool. Der sch\u00f6ne Saunabereich und Wellnessanwendungen laden zum Entspannen ein.<\/span><\/td>\n<\/tr>\n<\/tbody>\n<\/table>\n<p>&nbsp;<\/p>\n<table border=\"0\" frame=\"void\" cellspacing=\"0\" cellpadding=\"0\">\n<tbody>\n<tr>\n<td><span style=\"font-family: Verdana; font-size: small; color: #000000;\"><a style=\"font-family: Arial, Helvetica, sans-serif; font-size: 16px;\" href=\"http:\/\/www.chiemgau-thermen.de\" target=\"_blank\"><span style=\"text-decoration: underline; color: #000000;\"><strong><span style=\"font-family: Verdana; font-size: small;\">Chiemgau Thermen:<\/span><\/strong><\/span><\/a><br \/>\nGesundheit und Wohlbefinden stehen auch bei den &#8222;Chiemgau Thermen&#8220; in Bad Endorf im Vordergrund. Das 27\u00b0 bis 34\u00b0C warme jodhaltige Wasser der Therme wirkt nachhaltig auf den Bewegungsapparat, es belebt die Durchblutung und regt den Stoffwechsel an. Neben der gro\u00dfz\u00fcgigen Thermenlandschaft wird der Gast auch in der Saunalandschaft oder mit Wellnessangeboten verw\u00f6hnt.<\/span><\/td>\n<\/tr>\n<\/tbody>\n<\/table>\n<p>&nbsp;<\/p>\n<table border=\"0\" frame=\"void\" cellspacing=\"0\" cellpadding=\"0\">\n<tbody>\n<tr>\n<td><span style=\"font-family: Verdana; font-size: small; color: #000000;\"><a style=\"font-family: Arial, Helvetica, sans-serif; font-size: 16px;\" href=\"http:\/\/www.vita-alpina.de\" target=\"_blank\"><span style=\"text-decoration: underline; color: #000000;\"><strong><span style=\"font-family: Verdana; font-size: small;\">Vita Alpina:<\/span><\/strong><\/span><\/a><br \/>\nDas Erlebnis- und Wellnessbad \u201eVita Alpina\u201c in Ruhpolding bietet im Wellenbecken oder auf der 76 m langen Riesenrutsche viel Spa\u00df f\u00fcr Kinder. Eltern finden Erholung in der Urmeertherme (beheiztes Sole-Au\u00dfenbecken) oder in der gro\u00dfz\u00fcgigen Saunalandschaft. Entspannen Sie in der Saunalandschaft mit Finnischer Sauna, Brechelbad, Steinsauna, Sanarium, Dampfbad, Aromabad, Heukachelofen, Ruher\u00e4umen oder an der Sauna-Bar. Wellnesspakete f\u00fcr Damen und Herren, Aquafitness und Massagen werden auch angeboten.<\/span><\/td>\n<\/tr>\n<\/tbody>\n<\/table>\n<p>&nbsp;<\/p>\n<table border=\"0\" frame=\"void\" cellspacing=\"0\" cellpadding=\"0\">\n<tbody>\n<tr>\n<td><span style=\"font-family: Verdana; font-size: small; color: #000000;\"><a style=\"font-family: Arial, Helvetica, sans-serif; font-size: 16px;\" href=\"http:\/\/www.badepark-inzell.de\" target=\"_blank\"><span style=\"text-decoration: underline; color: #000000;\"><strong><span style=\"font-family: Verdana; font-size: small;\">Badepark:<\/span><\/strong><\/span><\/a><br \/>\nIm Inzeller Badepark finden Sie vier prachtvoll ausgestattete Schwitztempel mit abgestuften Temperaturen sowie ein Hallenbad mit Riesenrutsche und Hei\u00dfwasserbecken. Eine alpenl\u00e4ndische Stubensauna (90 Grad) und die finnische Blockhaussauna (95 Grad) bringen die Besucher bei trockener Luft und hoher Temperatur zum Schwitzen. In der r\u00f6mischen Dampfsauna herrscht hingegen mit 60 Grad Lufttemperatur eine hohe Luftfeuchtigkeit. Das Osmanischen Dampfbad mit fremden D\u00fcften und orientalischem Lichterglanz entf\u00fchrt die Besucher in ferne L\u00e4nder von \u201etausend und einer Nacht\u201c.<\/span><\/td>\n<\/tr>\n<\/tbody>\n<\/table>\n<p>&nbsp;<\/p>\n<table border=\"0\" frame=\"void\" cellspacing=\"0\" cellpadding=\"0\">\n<tbody>\n<tr>\n<td><span style=\"font-family: Verdana; font-size: small; color: #000000;\"><a style=\"font-family: Arial, Helvetica, sans-serif; font-size: 16px;\" href=\"http:\/\/www.watzmann-therme.de\" target=\"_blank\"><span style=\"text-decoration: underline; color: #000000;\"><strong><span style=\"font-family: Verdana; font-size: small;\">Watzmanntherme Berchtesgaden:<\/span><\/strong><\/span><\/a><br \/>\nBesuchen Sie die Watzmanntherme, das Paradies f\u00fcr alle Sinne.<\/span><\/td>\n<\/tr>\n<\/tbody>\n<\/table>\n<p>&nbsp;<\/p>\n<table border=\"0\" frame=\"void\" cellspacing=\"0\" cellpadding=\"0\">\n<tbody>\n<tr>\n<td><span style=\"font-family: Verdana; font-size: small; color: #000000;\"><a style=\"font-family: Arial, Helvetica, sans-serif; font-size: 16px;\" href=\"http:\/\/www.freizeitpark.by\" target=\"_blank\"><span style=\"text-decoration: underline; color: #000000;\"><strong><span style=\"font-family: Verdana; font-size: small;\">Freizeitpark Ruhpolding:<\/span><\/strong><\/span><\/a><br \/>\nViele \u00fcberdachte Attraktionen, ein Ausflugsziel auch bei unbest\u00e4ndigem Wetter. Rutschparadies mit Freifall-, R\u00f6hren- und Wellenrutsche, Drachenkarusell &#8222;Siegfried&#8220;, Parkeisenbahn, Schau-Kristallbergwerk mit Sch\u00fcrfstollen, Baumh\u00e4user &#8222;Kraxl-Max&#8220;,<br \/>\n&#8222;Berg der Dinosaurier&#8220; mit beweglichen Dinosauriern, Baby-Land, zwei Parkrestaurants, verschiedene Picknickpl\u00e4tze und Picknickh\u00e4user.<\/span><\/td>\n<\/tr>\n<\/tbody>\n<\/table>\n<p>&nbsp;<\/p>\n<table border=\"0\" frame=\"void\" cellspacing=\"0\" cellpadding=\"0\">\n<tbody>\n<tr>\n<td><span style=\"font-family: Verdana; font-size: small; color: #000000;\"><a style=\"font-family: Arial, Helvetica, sans-serif; font-size: 16px;\" href=\"http:\/\/www.maerchenpark.de\" target=\"_blank\"><span style=\"text-decoration: underline; color: #000000;\"><strong><span style=\"font-family: Verdana; font-size: small;\">M\u00e4rchen Erlebnispark Marquartstein:<\/span><\/strong><\/span><\/a><br \/>\nBeste Unterhaltung f\u00fcr Jung und Alt garantieren die vielen Attraktionen, die von Abenteuerspielplatz \u00fcber Sommerrodelbahn und Wasserspielgarten alles bieten.<\/span><\/td>\n<\/tr>\n<\/tbody>\n<\/table>\n<p>&nbsp;<\/p>\n<table border=\"0\" frame=\"void\" cellspacing=\"0\" cellpadding=\"0\">\n<tbody>\n<tr>\n<td><span style=\"font-family: Verdana; font-size: small; color: #000000;\"><a style=\"font-family: Arial, Helvetica, sans-serif; font-size: 16px;\" href=\"http:\/\/www.tittmoning.eu\" target=\"_blank\"><span style=\"text-decoration: underline; color: #000000;\"><strong><span style=\"font-family: Verdana; font-size: small;\">Sehenswertes in Tittmoning:<\/span><\/strong><\/span><\/a><br \/>\nHoch \u00fcber der Stadt thront die Burg, eine ehem. Befestigungsanlage der Salzburger Erzbisch\u00f6fe aus dem 13. Jahrhundert. Sie beherbergt das Museum &#8222;Heimathaus Rupertiwinkel&#8220; und das neue Gerbereimuseum. Unser Tipp: Spazieren Sie durch den geschichtstr\u00e4chtigen Ponlachgraben mit der Wallfahrtskirche Maria Brunn, gleich neben der Burg! Rund um Tittmoning erwarten Sie erlebnisreiche Naturlehrpfade, ein idyllischer Badesee, Wander- und Radwege in einer vielf\u00e4ltigen Flusslandschaft. Wir arrangieren f\u00fcr Gruppen Altstadt- und Museumsf\u00fchrungen.<\/span><\/td>\n<\/tr>\n<\/tbody>\n<\/table>\n<p>&nbsp;<\/p>\n<table border=\"0\" frame=\"void\" cellspacing=\"0\" cellpadding=\"0\">\n<tbody>\n<tr>\n<td><span style=\"font-family: Verdana; font-size: small; color: #000000;\"><a style=\"font-family: Arial, Helvetica, sans-serif; font-size: 16px;\" href=\"http:\/\/www.maria-eck.de\" target=\"_blank\"><span style=\"text-decoration: underline; color: #000000;\"><strong><span style=\"font-family: Verdana; font-size: small;\">Kloster Maria Eck mit Wallfahrtskirche:<\/span><\/strong><\/span><\/a><br \/>\nDie Sage erz\u00e4hlt, dass Holzknechte an der Stelle der jetzigen Wallfahrtskirche Marienerscheinungen hatten. Zahlreiche Dankschriften weisen auf viele wundersame Heilungen hin. Die Klostergastst\u00e4tte z\u00e4hlt heute zu den kulinarischen H\u00f6hepunkten des Chiemgaus. H\u00f6hepunkt ist die j\u00e4hrlich stattfindende Trachtenwallfahrt am 3. Sonntag im Mai mit \u00fcber 5.000 Trachtlern aus ganz Oberbayern. Allein die Aussicht auf den Chiemsee lohnt den Besuch von Maria Eck.<\/span><\/td>\n<\/tr>\n<\/tbody>\n<\/table>\n<p>&nbsp;<\/p>\n<table border=\"0\" frame=\"void\" cellspacing=\"0\" cellpadding=\"0\">\n<tbody>\n<tr>\n<td><span style=\"font-family: Verdana; font-size: small; color: #000000;\"><a style=\"font-family: Arial, Helvetica, sans-serif; font-size: 16px;\" href=\"http:\/\/www.steiner-burg.de\" target=\"_blank\"><span style=\"text-decoration: underline; color: #000000;\"><strong><span style=\"font-family: Verdana; font-size: small;\">H\u00f6hlenburg Stein:<\/span><\/strong><\/span><\/a><br \/>\nIn der H\u00f6hlenburg werden die Geschichten des schlimmen Raubritters Heinz von Stein erz\u00e4hlt. Bitte Taschenlampen mitbringen. Die F\u00fchrungen beginnen hinter dem Gasthof &#8222;Zur Post&#8220; am Schlosstor.<\/span><\/td>\n<\/tr>\n<\/tbody>\n<\/table>\n<p>&nbsp;<\/p>\n<table border=\"0\" frame=\"void\" cellspacing=\"0\" cellpadding=\"0\">\n<tbody>\n<tr>\n<td><span style=\"font-family: Verdana; font-size: small; color: #000000;\"><strong style=\"font-family: Arial, Helvetica, sans-serif; font-size: 16px; text-decoration: underline;\"><span style=\"font-family: Verdana; font-size: small;\">Willkommen im Chiemgau:<\/span><\/strong><br \/>\nHier schl\u00e4ngeln sich Wanderpfade hinauf zu 123 Almen Berggasth\u00f6fen, wo Wanderer von der Sennerin mit Milch, Speck und K\u00e4se verw\u00f6hnt werden. Wer hoch hinaus will, der erobert einen der Chiemgauer Hausberge und tr\u00e4gt sich dort bei herrlicher Fernsicht ins Gipfelbuch ein. Weiter n\u00f6rdlich k\u00f6nnen sich Genusswanderer entlang der Strandb\u00e4der von Chiemsee und Waginger See bewegen und herrliche Aussichten auf die Wasserfl\u00e4che genie\u00dfen. S\u00fcdlich der Seen breiten sich Moorfl\u00e4chen (bayerisch: Filze) aus. Als wahre Naturparadiese entpuppen sich auch die Auw\u00e4lder entlang der Tiroler Aachen, der m\u00e4andrierenden Alz oder der Salzach.<\/span><\/td>\n<\/tr>\n<\/tbody>\n<\/table>\n<p>&nbsp;<\/p>\n<table border=\"0\" frame=\"void\" cellspacing=\"0\" cellpadding=\"0\">\n<tbody>\n<tr>\n<td><span style=\"font-family: Verdana; font-size: small; color: #000000;\"><strong style=\"font-family: Arial, Helvetica, sans-serif; font-size: 16px; text-decoration: underline;\"><span style=\"font-family: Verdana; font-size: small;\">Nordic Walking:<\/span><\/strong><br \/>\nNordic Walking sieht ein wenig aus wie Skifahren ohne Schnee und Bretter. Mit langen St\u00f6cken in den H\u00e4nden bahnen sich die Anh\u00e4nger der Trendsportart im Laufschritt ihren Weg durch die Natur. Dabei werden etwa 700 Muskeln auf schonende Art und Weise trainiert, zus\u00e4tzlich kann die Kondition enorm gesteigert werden. Das Absto\u00dfen mit den St\u00f6cken st\u00e4rkt gerade die R\u00fccken- und Nackenmuskulatur und wird von Orthop\u00e4den empfohlen.<br \/>\nWer im Urlaub das Nordic Walking kennenlernen m\u00f6chte, der hat im Chiemgau eine gro\u00dfe Auswahl von Schulen mit jeweils ausgebildeten DSV-NORDIC-WALKING-TRAINERN.<\/span><\/td>\n<\/tr>\n<\/tbody>\n<\/table>\n<p>&nbsp;<\/p>\n<table border=\"0\" frame=\"void\" cellspacing=\"0\" cellpadding=\"0\">\n<tbody>\n<tr>\n<td><span style=\"font-family: Verdana; font-size: small; color: #000000;\"><strong style=\"font-family: Arial, Helvetica, sans-serif; font-size: 16px; text-decoration: underline;\"><span style=\"font-family: Verdana; font-size: small;\">Reiten im Urlaub:<\/span><\/strong><br \/>\nDie Pferdehaltung im Chiemgau blickt auf eine lange Tradition zur\u00fcck und wird noch heute bei Georgi- oder Leonhardiritten gegenw\u00e4rtig. Wer gerne selber im Urlaub reiten m\u00f6chte, der hat dazu viele Gelegenheiten.<\/span><\/td>\n<\/tr>\n<\/tbody>\n<\/table>\n<p>&nbsp;<\/p>\n<table border=\"0\" frame=\"void\" cellspacing=\"0\" cellpadding=\"0\">\n<tbody>\n<tr>\n<td><span style=\"font-family: Verdana; font-size: small; color: #000000;\"><strong style=\"font-family: Arial, Helvetica, sans-serif; font-size: 16px; text-decoration: underline;\"><span style=\"font-family: Verdana; font-size: small;\">Golfen im Chiemgau:<\/span><\/strong><br \/>\nWarum zum Golfen in den Chiemgau fahren? Die Antwort ist einfach: Im Umkreis von 20 Kilometern finden Sie hier alles, was das Golfer suchen: von der Golf\u00fcbungsanlage auf einem 9-Loch-Platz bis zum Meisterschaftsplatz mit 18-Loch.<br \/>\nAuch Anf\u00e4nger k\u00f6nnen sich in den Chiemgauer Golfschulen zu Schnupperkursen anmelden. Die vielf\u00e4ltige Landschaft zwischen Seen und Bergen sorgt f\u00fcr unterschiedlichste Platzarten &#8211; und macht jeden Golfurlaub zu einem Erlebnis. H\u00fcgelige Rasenfl\u00e4chen, Teiche, B\u00e4che und Sandbunker fordern den Golfspieler heraus.<\/span><\/td>\n<\/tr>\n<\/tbody>\n<\/table>\n<p>&nbsp;<\/p>\n<table border=\"0\" frame=\"void\" cellspacing=\"0\" cellpadding=\"0\">\n<tbody>\n<tr>\n<td><span style=\"font-family: Verdana; font-size: small; color: #000000;\"><strong style=\"font-family: Arial, Helvetica, sans-serif; font-size: 16px; text-decoration: underline;\"><span style=\"font-family: Verdana; font-size: small;\">Rafting:<\/span><\/strong><br \/>\nDie Tiroler Ache ist der Zufluss des Chiemsees. Zwischen K\u00f6ssen und Schleching zw\u00e4ngt sich der Fluss durch ein imposantes Durchbruchstal. In Schleching (Sport Lukas, Tel. 08649\u2013243) k\u00f6nnen Sie f\u00fcr den Abschnitt zwischen K\u00f6ssen und \u00dcbersee eine Rafting-Tour buchen. Im tirolerischen Erpfendorf wir dann das Schlauchboot zu Wasser gelassen, anschlie\u00dfend geht\u2019s quer durch die Entenlochklamm. Freilich kann der Fluss auch mit dem eigenen Kajak bew\u00e4ltigt werden.<\/span><\/td>\n<\/tr>\n<\/tbody>\n<\/table>\n<p>&nbsp;<\/p>\n<table border=\"0\" frame=\"void\" cellspacing=\"0\" cellpadding=\"0\">\n<tbody>\n<tr>\n<td><span style=\"font-family: Verdana; font-size: small; color: #000000;\"><a style=\"font-family: Arial, Helvetica, sans-serif; font-size: 16px;\" href=\"http:\/\/www.efa-automuseum.de\" target=\"_blank\"><span style=\"text-decoration: underline; color: #000000;\"><strong><span style=\"font-family: Verdana; font-size: small;\">EFA Museum:<\/span><\/strong><\/span><\/a><br \/>\nDas EFA Museum f\u00fcr Deutsche Automobilgeschichte in Amerang\/Chiemgau zeigt auf seiner 6000qm gro\u00dfen Ausstellungsfl\u00e4che ca. 220 Fahrzeuge von 1886 bis heute. Zudem beherbergt es die weltgr\u00f6\u00dfte Modelleisenbahn der Spur II.<\/span><\/td>\n<\/tr>\n<\/tbody>\n<\/table>\n<p>&nbsp;<\/p>\n<table border=\"0\" frame=\"void\" cellspacing=\"0\" cellpadding=\"0\">\n<tbody>\n<tr>\n<td><span style=\"font-family: Verdana; font-size: small; color: #000000;\"><a style=\"font-family: Arial, Helvetica, sans-serif; font-size: 16px;\" href=\"http:\/\/www.holzknechtmuseum.com\" target=\"_blank\"><span style=\"text-decoration: underline; color: #000000;\"><strong><span style=\"font-family: Verdana; font-size: small;\">Holzknechtmuseum Ruhpolding:<\/span><\/strong><\/span><\/a><br \/>\nBetrachten Sie das Leben und die Arbeiten der ehemaligen Holzknechte, ihre Unterk\u00fcnfte und Werkzeuge sowie die Grundlagen der Forstwirtschaft. Ein gro\u00dfes Freigel\u00e4nde l\u00e4dt zum Wandern ein; regelm\u00e4\u00dfige Sonderausstellungen.<\/span><\/td>\n<\/tr>\n<\/tbody>\n<\/table>\n<p>&nbsp;<\/p>\n<table border=\"0\" frame=\"void\" cellspacing=\"0\" cellpadding=\"0\">\n<tbody>\n<tr>\n<td><span style=\"font-family: Verdana; font-size: small; color: #000000;\"><a style=\"font-family: Arial, Helvetica, sans-serif; font-size: 16px;\" href=\"http:\/\/www.museum-siegsdorf.de\" target=\"_blank\"><span style=\"text-decoration: underline; color: #000000;\"><strong><span style=\"font-family: Verdana; font-size: small;\">S\u00fcdostbayerisches Naturkunde- und Mammut-Museum:<\/span><\/strong><\/span><\/a><br \/>\n650 m\u00b2 Ausstellungsfl\u00e4che vermitteln 250 Millionen Jahre Entwicklungsgeschichte S\u00fcdostoberbayerns. Geologie, Versteinerungen, Eiszeit, B\u00e4renh\u00f6hle und Steinzeit sowie Sonderausstellungen.<\/span><\/td>\n<\/tr>\n<\/tbody>\n<\/table>\n<p>&nbsp;<\/p>\n<table border=\"0\" frame=\"void\" cellspacing=\"0\" cellpadding=\"0\">\n<tbody>\n<tr>\n<td><span style=\"font-family: Verdana; font-size: small; color: #000000;\"><a style=\"font-family: Arial, Helvetica, sans-serif; font-size: 16px;\" href=\"http:\/\/www.bedaium.de\" target=\"_blank\"><span style=\"text-decoration: underline; color: #000000;\"><strong><span style=\"font-family: Verdana; font-size: small;\">R\u00f6mermuseum Bedaium:<\/span><\/strong><\/span><\/a><br \/>\nEinblicke in das Leben einer keltisch-norischen Dorfgemeinschaft und den Alltag der r\u00f6mischen Benfiziarierstation.<\/span><\/td>\n<\/tr>\n<\/tbody>\n<\/table>\n<p>&nbsp;<\/p>\n<table border=\"0\" frame=\"void\" cellspacing=\"0\" cellpadding=\"0\">\n<tbody>\n<tr>\n<td><span style=\"font-family: Verdana; font-size: small; color: #000000;\"><a style=\"font-family: Arial, Helvetica, sans-serif; font-size: 16px;\" href=\"http:\/\/www.salzzeitreise.de\" target=\"_blank\"><span style=\"text-decoration: underline; color: #000000;\"><strong><span style=\"font-family: Verdana; font-size: small;\">Salzbergwerk Berchtesgaden:<\/span><\/strong><\/span><\/a><br \/>\nAls Berchtesgaden noch F\u00fcrstpropstei war, durften nur Auserw\u00e4hlte das Salzbergwerk besichtigen. Heute steht es jedem offen, der etwas \u00fcber das Wei\u00dfe Gold, die Herkunft des Salzes und die Gewinnung des Rohstoffes Sole erfahren m\u00f6chte. Folgen Sie uns auf einem geheimnisvollen Rundgang unter Tage. Eine faszinierende Welt und ein Abenteuer f\u00fcr Jung und Alt.<\/span><\/td>\n<\/tr>\n<\/tbody>\n<\/table>\n<p>&nbsp;<\/p>\n<table style=\"width: 100%;\" border=\"0\" frame=\"void\">\n<tbody>\n<tr>\n<td><span style=\"font-family: Verdana; font-size: small; color: #000000;\"><a style=\"font-family: Arial, Helvetica, sans-serif; font-size: 16px;\" href=\"http:\/\/www.salzburg.info\" target=\"_blank\"><span style=\"text-decoration: underline; color: #000000;\"><strong><span style=\"font-family: Verdana; font-size: small;\">Mozartstadt Salzburg:<\/span><\/strong><\/span><\/a><br \/>\nBesuchen Sie auch die Mozartstadt Salzburg mit einem Bummel durch die weltbekannte Getreidegasse, vorbei am Mozarthaus.<\/span><\/td>\n<\/tr>\n<\/tbody>\n<\/table>\n","protected":false},"excerpt":{"rendered":"<p>Zentral im Chiemgau gelegen finden Sie unweit unseres Hofes viele Top-Ausflugsziele. Nur wenige Kilometer entfernt finden Sie am Waginger See wundersch\u00f6n gelegene Strandb\u00e4der und Rad- und Wanderwege mit herrlichen Panoramablicken in die Berchtesgadener und Chiemgauer Alpen. Lohnenswerte Bergtouren in den &hellip; <a class=\"more-link\" href=\"http:\/\/www.urlaub-hofbauer.de\/wordpress\/ausflugsziele\/\">Weiterlesen <span class=\"meta-nav\">&rarr;<\/span><\/a><\/p>\n","protected":false},"author":1,"featured_media":0,"parent":0,"menu_order":0,"comment_status":"closed","ping_status":"open","template":"","meta":{"ngg_post_thumbnail":0,"footnotes":""},"class_list":["post-45","page","type-page","status-publish","hentry"],"_links":{"self":[{"href":"http:\/\/www.urlaub-hofbauer.de\/wordpress\/wp-json\/wp\/v2\/pages\/45","targetHints":{"allow":["GET"]}}],"collection":[{"href":"http:\/\/www.urlaub-hofbauer.de\/wordpress\/wp-json\/wp\/v2\/pages"}],"about":[{"href":"http:\/\/www.urlaub-hofbauer.de\/wordpress\/wp-json\/wp\/v2\/types\/page"}],"author":[{"embeddable":true,"href":"http:\/\/www.urlaub-hofbauer.de\/wordpress\/wp-json\/wp\/v2\/users\/1"}],"replies":[{"embeddable":true,"href":"http:\/\/www.urlaub-hofbauer.de\/wordpress\/wp-json\/wp\/v2\/comments?post=45"}],"version-history":[{"count":4,"href":"http:\/\/www.urlaub-hofbauer.de\/wordpress\/wp-json\/wp\/v2\/pages\/45\/revisions"}],"predecessor-version":[{"id":82,"href":"http:\/\/www.urlaub-hofbauer.de\/wordpress\/wp-json\/wp\/v2\/pages\/45\/revisions\/82"}],"wp:attachment":[{"href":"http:\/\/www.urlaub-hofbauer.de\/wordpress\/wp-json\/wp\/v2\/media?parent=45"}],"curies":[{"name":"wp","href":"https:\/\/api.w.org\/{rel}","templated":true}]}}