{"id":44,"date":"2013-05-13T11:26:54","date_gmt":"2013-05-13T09:26:54","guid":{"rendered":"http:\/\/www.urlaub-hofbauer.de\/wordpress\/?page_id=44"},"modified":"2013-06-18T11:04:37","modified_gmt":"2013-06-18T09:04:37","slug":"unser-service","status":"publish","type":"page","link":"http:\/\/www.urlaub-hofbauer.de\/wordpress\/unser-service\/","title":{"rendered":"Unser Service"},"content":{"rendered":"<p style=\"text-align: center;\"><strong><\/strong>Fr\u00fchst\u00fcck in unserer Bauernstube<br \/>\n<span style=\"color: #008000; line-height: 1.4em;\">_____________________________________________________<\/span><\/p>\n<p style=\"text-align: center;\">Gro\u00dfe Gemeinschaftsk\u00fcche<br \/>\n<span style=\"color: #008000;\">_____________________________________________________<br \/>\n<\/span><\/p>\n<p style=\"text-align: center;\">Bei schlechtem Wetter bieten wir unseren G\u00e4sten eine &#8222;Spielh\u00f6lle&#8220;<br \/>\n<span style=\"line-height: 1.4em;\">mit Tischtennis, Kicker, Billard und Matrazenlager<br \/>\n<\/span><span style=\"color: #008000;\">_____________________________________________________<\/span><\/p>\n<p style=\"text-align: center;\">Ein gro\u00dfer Spielplatz mit Schaukel, Rutsche, Trampolin und Kleinfahrzeugen<br \/>\nwie Kettcar, Bobbycar, Dreirad und Roller stehen den Kindern zur Verf\u00fcgung.<br \/>\n<span style=\"color: #008000;\">_____________________________________________________<\/span><\/p>\n<p style=\"text-align: center;\">Weiterhin haben wir eine gro\u00dfe Fahrradgarage<\/p>\n","protected":false},"excerpt":{"rendered":"<p>Fr\u00fchst\u00fcck in unserer Bauernstube _____________________________________________________ Gro\u00dfe Gemeinschaftsk\u00fcche _____________________________________________________ Bei schlechtem Wetter bieten wir unseren G\u00e4sten eine &#8222;Spielh\u00f6lle&#8220; mit Tischtennis, Kicker, Billard und Matrazenlager _____________________________________________________ Ein gro\u00dfer Spielplatz mit Schaukel, Rutsche, Trampolin und Kleinfahrzeugen wie Kettcar, Bobbycar, Dreirad und Roller stehen &hellip; <a class=\"more-link\" href=\"http:\/\/www.urlaub-hofbauer.de\/wordpress\/unser-service\/\">Weiterlesen <span class=\"meta-nav\">&rarr;<\/span><\/a><\/p>\n","protected":false},"author":1,"featured_media":0,"parent":0,"menu_order":0,"comment_status":"closed","ping_status":"open","template":"","meta":{"ngg_post_thumbnail":0,"footnotes":""},"class_list":["post-44","page","type-page","status-publish","hentry"],"_links":{"self":[{"href":"http:\/\/www.urlaub-hofbauer.de\/wordpress\/wp-json\/wp\/v2\/pages\/44","targetHints":{"allow":["GET"]}}],"collection":[{"href":"http:\/\/www.urlaub-hofbauer.de\/wordpress\/wp-json\/wp\/v2\/pages"}],"about":[{"href":"http:\/\/www.urlaub-hofbauer.de\/wordpress\/wp-json\/wp\/v2\/types\/page"}],"author":[{"embeddable":true,"href":"http:\/\/www.urlaub-hofbauer.de\/wordpress\/wp-json\/wp\/v2\/users\/1"}],"replies":[{"embeddable":true,"href":"http:\/\/www.urlaub-hofbauer.de\/wordpress\/wp-json\/wp\/v2\/comments?post=44"}],"version-history":[{"count":6,"href":"http:\/\/www.urlaub-hofbauer.de\/wordpress\/wp-json\/wp\/v2\/pages\/44\/revisions"}],"predecessor-version":[{"id":77,"href":"http:\/\/www.urlaub-hofbauer.de\/wordpress\/wp-json\/wp\/v2\/pages\/44\/revisions\/77"}],"wp:attachment":[{"href":"http:\/\/www.urlaub-hofbauer.de\/wordpress\/wp-json\/wp\/v2\/media?parent=44"}],"curies":[{"name":"wp","href":"https:\/\/api.w.org\/{rel}","templated":true}]}}