{"id":42,"date":"2013-05-13T11:25:57","date_gmt":"2013-05-13T09:25:57","guid":{"rendered":"http:\/\/www.urlaub-hofbauer.de\/wordpress\/?page_id=42"},"modified":"2022-09-26T13:01:48","modified_gmt":"2022-09-26T11:01:48","slug":"ferienwohnungen","status":"publish","type":"page","link":"http:\/\/www.urlaub-hofbauer.de\/wordpress\/ferienwohnungen\/","title":{"rendered":"Ferienwohnung"},"content":{"rendered":"<ul>\n<li><span style=\"line-height: 16px;\">Ferienwohnung mit 90qm im 1 Stock<\/span><\/li>\n<li>ausreichend f\u00fcr bis zu 6 Personen<\/li>\n<li>3 Schlafr\u00e4ume<\/li>\n<li>K\u00fcche, Wohnzimmer<\/li>\n<li>SAT \/ TV<\/li>\n<li>Bad mit Badewanne \/ Dusche \/ Toilette<\/li>\n<li>eine separate Toilette<\/li>\n<li>Rauchen nur auf dem Balkon<\/li>\n<\/ul>\n<p><strong>Preis: 40 &#8211; 60 Euro pro Nacht <\/strong><\/p>\n<p><strong>ngg_shortcode_0_placeholder<\/strong><\/p>\n","protected":false},"excerpt":{"rendered":"<p>Ferienwohnung mit 90qm im 1 Stock ausreichend f\u00fcr bis zu 6 Personen 3 Schlafr\u00e4ume K\u00fcche, Wohnzimmer SAT \/ TV Bad mit Badewanne \/ Dusche \/ Toilette eine separate Toilette Rauchen nur auf dem Balkon Preis: 40 &#8211; 60 Euro pro &hellip; <a class=\"more-link\" href=\"http:\/\/www.urlaub-hofbauer.de\/wordpress\/ferienwohnungen\/\">Weiterlesen <span class=\"meta-nav\">&rarr;<\/span><\/a><\/p>\n","protected":false},"author":1,"featured_media":0,"parent":0,"menu_order":0,"comment_status":"closed","ping_status":"open","template":"","meta":{"ngg_post_thumbnail":0,"footnotes":""},"class_list":["post-42","page","type-page","status-publish","hentry"],"_links":{"self":[{"href":"http:\/\/www.urlaub-hofbauer.de\/wordpress\/wp-json\/wp\/v2\/pages\/42","targetHints":{"allow":["GET"]}}],"collection":[{"href":"http:\/\/www.urlaub-hofbauer.de\/wordpress\/wp-json\/wp\/v2\/pages"}],"about":[{"href":"http:\/\/www.urlaub-hofbauer.de\/wordpress\/wp-json\/wp\/v2\/types\/page"}],"author":[{"embeddable":true,"href":"http:\/\/www.urlaub-hofbauer.de\/wordpress\/wp-json\/wp\/v2\/users\/1"}],"replies":[{"embeddable":true,"href":"http:\/\/www.urlaub-hofbauer.de\/wordpress\/wp-json\/wp\/v2\/comments?post=42"}],"version-history":[{"count":11,"href":"http:\/\/www.urlaub-hofbauer.de\/wordpress\/wp-json\/wp\/v2\/pages\/42\/revisions"}],"predecessor-version":[{"id":68,"href":"http:\/\/www.urlaub-hofbauer.de\/wordpress\/wp-json\/wp\/v2\/pages\/42\/revisions\/68"}],"wp:attachment":[{"href":"http:\/\/www.urlaub-hofbauer.de\/wordpress\/wp-json\/wp\/v2\/media?parent=42"}],"curies":[{"name":"wp","href":"https:\/\/api.w.org\/{rel}","templated":true}]}}