{"id":164,"date":"2018-05-17T20:32:32","date_gmt":"2018-05-17T18:32:32","guid":{"rendered":"http:\/\/www.urlaub-hofbauer.de\/wordpress\/?page_id=164"},"modified":"2024-01-03T19:32:47","modified_gmt":"2024-01-03T17:32:47","slug":"datenschutzerklarung","status":"publish","type":"page","link":"http:\/\/www.urlaub-hofbauer.de\/wordpress\/datenschutzerklarung\/","title":{"rendered":"Datenschutzerkl\u00e4rung"},"content":{"rendered":"<h2>Datenschutzerkl\u00e4rung<\/h2>\n<p>Die Nutzung unserer Seite ist ohne eine Angabe von personenbezogenen Daten m\u00f6glich. F\u00fcr die Nutzung einzelner Services unserer Seite k\u00f6nnen sich hierf\u00fcr abweichende Regelungen ergeben, die in diesem Falle nachstehend gesondert erl\u00e4utert werden. Ihre personenbezogenen Daten (z.B. Name, Anschrift, E-Mail, Telefonnummer, u.\u00e4.) werden von uns nur gem\u00e4\u00df den Bestimmungen des deutschen Datenschutzrechts verarbeitet. Daten sind dann personenbezogen, wenn sie eindeutig einer bestimmten nat\u00fcrlichen Person zugeordnet werden k\u00f6nnen. Die rechtlichen Grundlagen des Datenschutzes finden Sie im Bundesdatenschutzgesetz (BDSG) und dem Telemediengesetz (TMG). Nachstehende Regelungen informieren Sie insoweit \u00fcber die Art, den Umfang und Zweck der Erhebung, die Nutzung und die Verarbeitung von personenbezogenen Daten durch den Anbieter<\/p>\n<p><strong>Martin Mayer<br \/>\nHirschhalm 5<br \/>\n83329 Waging am See<br \/>\n<\/strong><strong>Telefon: +49 8681 747<br \/>\n<\/strong><em id=\"__mceDel\"><strong>info@urlaub-hofbauer.de<\/strong><\/em><\/p>\n<p>Wir weisen darauf hin, dass die internetbasierte Daten\u00fcbertragung Sicherheitsl\u00fccken aufweist, ein l\u00fcckenloser Schutz vor Zugriffen durch Dritte somit unm\u00f6glich ist.<\/p>\n<h4>Serverdaten<\/h4>\n<p>Aus technischen Gr\u00fcnden werden u.a. folgende Daten, die Ihr Internet-Browser an uns bzw. an unseren Webspace-Provider \u00fcbermittelt, erfasst (sogenannte Serverlogfiles):<\/p>\n<p>&#8211; Browsertyp und -version<\/p>\n<p>&#8211; verwendetes Betriebssystem<\/p>\n<p>&#8211; Webseite, von der aus Sie uns besuchen (Referrer URL)<\/p>\n<p>&#8211; Webseite, die Sie besuchen<\/p>\n<p>&#8211; Datum und Uhrzeit Ihres Zugriffs<\/p>\n<p>&#8211; Ihre Internet Protokoll (IP)-Adresse.<\/p>\n<p>Diese anonymen Daten werden getrennt von Ihren eventuell angegebenen personenbezogenen Daten gespeichert und lassen so keine R\u00fcckschl\u00fcsse auf eine bestimmte Person zu. Sie werden zu statistischen Zwecken ausgewertet, um unseren Internetauftritt und unsere Angebote optimieren zu k\u00f6nnen.<\/p>\n<h4>Kontaktm\u00f6glichkeit<\/h4>\n<p>Wir bieten Ihnen auf unserer Seite die M\u00f6glichkeit, mit uns per E-Mail und\/oder \u00fcber ein Kontaktformular in Verbindung zu treten. In diesem Fall werden die vom Nutzer gemachten Angaben zum Zwecke der Bearbeitung seiner Kontaktaufnahme gespeichert. Eine Weitergabe an Dritte erfolgt nicht. Ein Abgleich der so erhobenen Daten mit Daten, die m\u00f6glicherweise durch andere Komponenten unserer Seite erhoben werden, erfolgt ebenfalls nicht.<\/p>\n<h4>Einsatz von Google-Maps<\/h4>\n<p>Wir setzen auf unserer Seite die Komponente &#8222;Google Maps&#8220; der Firma Google Inc., 1600 Amphitheatre Parkway, Mountain View, CA 94043 USA, nachfolgend \u201eGoogle\u201c, ein.<\/p>\n<p>Bei jedem einzelnen Aufruf der Komponente &#8222;Google Maps&#8220; wird von Google ein Cookie gesetzt, um bei der Anzeige der Seite, auf der die Komponente &#8222;Google Maps&#8220; integriert ist, Nutzereinstellungen und -daten zu verarbeiten. Dieses Cookie wird im Regelfall nicht durch das Schlie\u00dfen des Browsers gel\u00f6scht, sondern l\u00e4uft nach einer bestimmten Zeit ab, soweit es nicht von Ihnen zuvor manuell gel\u00f6scht wird.<\/p>\n<p>Wenn Sie mit dieser Verarbeitung Ihrer Daten nicht einverstanden sind, so besteht die M\u00f6glichkeit, den Service von &#8222;Google Maps&#8220; zu deaktivieren und auf diesem Weg die \u00dcbertragung von Daten an Google zu verhindern. Dazu m\u00fcssen Sie die Java-Script-Funktion in Ihrem Browser deaktivieren. Wir weisen Sie jedoch darauf hin, dass Sie in diesem Fall die &#8222;Google Maps&#8220; nicht oder nur eingeschr\u00e4nkt nutzen k\u00f6nnen.<\/p>\n<p>Die Nutzung von &#8222;Google Maps&#8220; und der \u00fcber &#8222;Google Maps&#8220; erlangten Informationen erfolgt gem\u00e4\u00df den\u00a0Google-Nutzungsbedingungen<\/p>\n<p><a href=\"http:\/\/www.google.de\/intl\/de\/policies\/terms\/regional.html\" target=\"_blank\" rel=\"nofollow\">http:\/\/www.google.de\/intl\/de\/policies\/terms\/regional.html<\/a><\/p>\n<p>sowie der zus\u00e4tzlichen\u00a0Gesch\u00e4ftsbedingungen f\u00fcr \u201eGoogle Maps\u201c<\/p>\n<p><a href=\"https:\/\/www.google.com\/intl\/de_de\/help\/terms_maps.html\" target=\"_blank\" rel=\"nofollow\">https:\/\/www.google.com\/intl\/de_de\/help\/terms_maps.html<\/a>.<\/p>\n<h4>Einsatz von reCAPTCHA<\/h4>\n<p>Um Eingabeformulare auf unserer Seite zu sch\u00fctzen, setzen wir den Dienst \u201ereCAPTCHA\u201c der Firma Google Inc., 1600 Amphitheatre Parkway, Mountain View, CA 94043 USA, nachfolgend \u201eGoogle\u201c, ein. Durch den Einsatz dieses Dienstes kann unterschieden werden, ob die entsprechende Eingabe menschlicher Herkunft ist oder durch automatisierte maschinelle Verarbeitung missbr\u00e4uchlich erfolgt.<\/p>\n<p>Nach unserer Kenntnis werden die Referrer-URL, die IP-Adresse, das Verhalten der Webseitenbesucher, Informationen \u00fcber Betriebssystem, Browser und Verweildauer, Cookies, Darstellungsanweisungen und Skripte, das Eingabeverhalten des Nutzers sowie Mausbewegungen im Bereich der \u201ereCAPTCHA\u201c-Checkbox an \u201eGoogle\u201c \u00fcbertragen.<\/p>\n<p>Google verwendet die so erlangten Informationen unter anderem dazu, B\u00fccher und andere Druckerzeugnisse zu digitalisieren sowie Dienste wie Google Street View und Google Maps zu optimieren (bspw. Hausnummern- und Stra\u00dfennamenerkennung).<\/p>\n<p>Die im Rahmen von \u201ereCAPTCHA\u201c \u00fcbermittelte IP-Adresse wird nicht mit anderen Daten von Google zusammengef\u00fchrt, au\u00dfer Sie sind zum Zeitpunkt der Nutzung des \u201ereCAPTCHA\u201c-Plug-ins bei Ihrem Google-Account angemeldet. Wenn Sie diese \u00dcbermittlung und Speicherung von Daten \u00fcber Sie und Ihr Verhalten auf unserer Webseite durch \u201eGoogle\u201c unterbinden wollen, m\u00fcssen Sie sich bei \u201eGoogle\u201c ausloggen und zwar bevor Sie unsere Seite besuchen bzw. das reCAPTCHA Plug-in benutzen.<\/p>\n<p>Die Nutzung des Dienstes \u201ereCAPTCHA\u201c erlangten Informationen erfolgt gem\u00e4\u00df den\u00a0Google-Nutzungsbedingungen:<\/p>\n<p><a href=\"https:\/\/www.google.com\/intl\/de\/policies\/privacy\/\" target=\"_blank\" rel=\"nofollow\">https:\/\/www.google.com\/intl\/de\/policies\/privacy\/<\/a>.<\/p>\n<h3>Auskunft\/Widerruf\/L\u00f6schung<\/h3>\n<p>Sie k\u00f6nnen sich aufgrund des Bundesdatenschutzgesetzes bei Fragen zur Erhebung, Verarbeitung oder Nutzung Ihrer personenbezogenen Daten und deren Berichtigung, Sperrung, L\u00f6schung oder einem Widerruf einer erteilten Einwilligung unentgeltlich an uns wenden. Wir weisen darauf hin, dass Ihnen ein Recht auf Berichtigung falscher Daten oder L\u00f6schung personenbezogener Daten zusteht, sollte diesem Anspruch keine gesetzliche Aufbewahrungspflicht entgegenstehen.<\/p>\n<p><a href=\"https:\/\/www.ratgeberrecht.eu\/leistungen\/muster-datenschutzerklaerung.html\" target=\"_blank\">Muster-Datenschutzerkl\u00e4rung<\/a> der <a href=\"https:\/\/www.ratgeberrecht.eu\/\" target=\"_blank\">Anwaltskanzlei Wei\u00df &amp; Partner<\/a><\/p>\n","protected":false},"excerpt":{"rendered":"<p>Datenschutzerkl\u00e4rung Die Nutzung unserer Seite ist ohne eine Angabe von personenbezogenen Daten m\u00f6glich. F\u00fcr die Nutzung einzelner Services unserer Seite k\u00f6nnen sich hierf\u00fcr abweichende Regelungen ergeben, die in diesem Falle nachstehend gesondert erl\u00e4utert werden. Ihre personenbezogenen Daten (z.B. Name, Anschrift, &hellip; <a class=\"more-link\" href=\"http:\/\/www.urlaub-hofbauer.de\/wordpress\/datenschutzerklarung\/\">Weiterlesen <span class=\"meta-nav\">&rarr;<\/span><\/a><\/p>\n","protected":false},"author":1,"featured_media":0,"parent":0,"menu_order":0,"comment_status":"closed","ping_status":"open","template":"","meta":{"ngg_post_thumbnail":0,"footnotes":""},"class_list":["post-164","page","type-page","status-publish","hentry"],"_links":{"self":[{"href":"http:\/\/www.urlaub-hofbauer.de\/wordpress\/wp-json\/wp\/v2\/pages\/164","targetHints":{"allow":["GET"]}}],"collection":[{"href":"http:\/\/www.urlaub-hofbauer.de\/wordpress\/wp-json\/wp\/v2\/pages"}],"about":[{"href":"http:\/\/www.urlaub-hofbauer.de\/wordpress\/wp-json\/wp\/v2\/types\/page"}],"author":[{"embeddable":true,"href":"http:\/\/www.urlaub-hofbauer.de\/wordpress\/wp-json\/wp\/v2\/users\/1"}],"replies":[{"embeddable":true,"href":"http:\/\/www.urlaub-hofbauer.de\/wordpress\/wp-json\/wp\/v2\/comments?post=164"}],"version-history":[{"count":5,"href":"http:\/\/www.urlaub-hofbauer.de\/wordpress\/wp-json\/wp\/v2\/pages\/164\/revisions"}],"predecessor-version":[{"id":168,"href":"http:\/\/www.urlaub-hofbauer.de\/wordpress\/wp-json\/wp\/v2\/pages\/164\/revisions\/168"}],"wp:attachment":[{"href":"http:\/\/www.urlaub-hofbauer.de\/wordpress\/wp-json\/wp\/v2\/media?parent=164"}],"curies":[{"name":"wp","href":"https:\/\/api.w.org\/{rel}","templated":true}]}}